{"id":6890,"date":"2024-04-03T19:31:47","date_gmt":"2024-04-03T17:31:47","guid":{"rendered":"https:\/\/brandizam.com\/?page_id=6890"},"modified":"2026-04-26T13:55:27","modified_gmt":"2026-04-26T12:55:27","slug":"privacy-policy","status":"publish","type":"page","link":"https:\/\/brandizam.com\/en\/privacy-policy\/","title":{"rendered":"Polityka Prywatno\u015bci"},"content":{"rendered":"<div data-elementor-type=\"wp-page\" data-elementor-id=\"6890\" class=\"elementor elementor-6890\" data-elementor-settings=\"{&quot;ha_cmc_init_switcher&quot;:&quot;no&quot;}\">\n\t\t\t\t<div class=\"elementor-element elementor-element-3ddef92 e-flex e-con-boxed e-con e-parent\" data-id=\"3ddef92\" data-element_type=\"container\" data-e-type=\"container\" data-settings=\"{&quot;_ha_eqh_enable&quot;:false}\">\n\t\t\t\t\t<div class=\"e-con-inner\">\n\t\t\t\t<div class=\"elementor-element elementor-element-b6aaf86 elementor-widget elementor-widget-heading\" data-id=\"b6aaf86\" data-element_type=\"widget\" data-e-type=\"widget\" data-settings=\"{&quot;_animation_mobile&quot;:&quot;fadeIn&quot;}\" data-widget_type=\"heading.default\">\n\t\t\t\t<div class=\"elementor-widget-container\">\n\t\t\t\t\t<h2 class=\"elementor-heading-title elementor-size-default\">Privacy Policy<\/h2>\t\t\t\t<\/div>\n\t\t\t\t<\/div>\n\t\t\t\t<div class=\"elementor-element elementor-element-9424726 elementor-widget elementor-widget-text-editor\" data-id=\"9424726\" data-element_type=\"widget\" data-e-type=\"widget\" data-settings=\"{&quot;_animation_mobile&quot;:&quot;fadeIn&quot;}\" data-widget_type=\"text-editor.default\">\n\t\t\t\t<div class=\"elementor-widget-container\">\n\t\t\t\t\t\t\t\t\t<p>Effective date: 1 March 2024<\/p>\n<p>Witamy na stronie Brandizam! Szanujemy Twoj\u0105 prywatno\u015b\u0107 i zobowi\u0105zujemy si\u0119 do ochrony Twoich danych osobowych. Polityka prywatno\u015bci wyja\u015bnia, jak gromadzimy, u\u017cywamy i dzielimy si\u0119 informacjami o Tobie, oraz jakie masz w zwi\u0105zku z tym prawa.<\/p>\n<p><strong>What data do we collect?<\/strong><br>Personal data: We may collect personal data such as your name, email address and phone number when you voluntarily provide them to us.<\/p>\n<p>Automatically collected data: When you visit our website, we may automatically collect information such as your IP address, browser type, pages visited, time spent on the site and other statistical data.<\/p>\n<p><strong>How do we use your data?<\/strong><br>Your personal data may be used to:<\/p>\n<ul>\n<li>Responding to your enquiries and requests.<\/li>\n<li>Sending updates about new services, products and special offers.<\/li>\n<li>Improving the quality of our services and your experience on the website.<\/li>\n<\/ul>\n<p><strong>Sharing personal data<\/strong><\/p>\n<p><span style=\"font-style: inherit; font-weight: inherit;\">Your personal data will not be shared, sold or rented to third parties for marketing purposes without your explicit consent. We may disclose personal data if required by law or if we believe in good faith that such action is necessary to comply with applicable legal obligations.<\/span><\/p>\n<p><strong>Security<\/strong><br>We take appropriate measures to protect your personal data against unauthorised access, alteration, disclosure or destruction.<\/p>\n<p><strong>Your rights<\/strong><br>You have the right to access your personal data, request its correction, deletion or restriction of processing. You may also withdraw your consent to the processing of your personal data at any time.<\/p>\n<p><strong>Changes to the Privacy Policy<\/strong><br>We reserve the right to make changes to this Privacy Policy. Any updates will be communicated by revising the effective date shown at the top of this page.<\/p>\n<p><strong>&nbsp;<\/strong><\/p>\n<p><strong>Cookies<\/strong><\/p>\n<p><span style=\"font-style: inherit; font-weight: inherit;\">Our website uses cookies to ensure it functions properly, improve your experience, and help us understand how it is used.<\/span><\/p>\n<p><strong>What are cookies?<\/strong><\/p>\n<p>Cookies are small text files stored on your device (computer, phone, or tablet) when you visit a website. They allow the site to remember your preferences and recognise your device on future visits.<\/p>\n<p><strong>What cookies do we use?<\/strong><\/p>\n<p>We may use the following types of cookies:<\/p>\n<ul>\n<li>Essential cookies \u2013 required for the website to function properly and enable basic features.<\/li>\n<li>Analytics cookies \u2013 help us understand how visitors use the website (for example, through tools like Google Analytics), so we can improve it.<\/li>\n<li>Functional cookies \u2013 remember your preferences and settings to enhance your experience.<\/li>\n<\/ul>\n<p><strong>Managing cookies<\/strong><\/p>\n<p>When you first visit our website, you can accept all cookies or manage your preferences.<\/p>\n<p>You can also change your browser settings at any time to block or delete cookies.<\/p>\n<p><strong>How long cookies are stored<\/strong><\/p>\n<p>Cookies may be stored on your device for different periods of time \u2013 from the duration of your session (until you close your browser) to longer periods, depending on their purpose.<\/p>\n<p><strong>Changes to this policy<\/strong><\/p>\n<p>We may update this cookies section from time to time. The latest version will always be available on this page.<\/p>\n<p><strong>Contact<\/strong><br>If you have any questions about this Privacy Policy, please contact us by email at: <strong>hello@brandizam.com<\/strong>.<\/p>\t\t\t\t\t\t\t\t<\/div>\n\t\t\t\t<\/div>\n\t\t\t\t\t<\/div>\n\t\t\t\t<\/div>\n\t\t\t\t<\/div>","protected":false},"excerpt":{"rendered":"<p>Polityka Prywatno\u015bci. Data wej\u015bcia w \u017cycie: 01.03.2024 Witamy na stronie Brandizam! Szanujemy Twoj\u0105 prywatno\u015b\u0107 i zobowi\u0105zujemy si\u0119 do ochrony Twoich danych osobowych. Polityka prywatno\u015bci wyja\u015bnia, jak gromadzimy, u\u017cywamy i dzielimy si\u0119 informacjami o Tobie, oraz jakie masz w zwi\u0105zku z tym prawa. Jakie dane zbieramy?Dane osobowe: Mo\u017cemy zbiera\u0107 dane osobowe, takie jak imi\u0119, adres e-mail, [&hellip;]<\/p>\n","protected":false},"author":1,"featured_media":0,"parent":0,"menu_order":0,"comment_status":"closed","ping_status":"closed","template":"","meta":{"site-sidebar-layout":"no-sidebar","site-content-layout":"page-builder","ast-site-content-layout":"full-width-container","site-content-style":"unboxed","site-sidebar-style":"unboxed","ast-global-header-display":"","ast-banner-title-visibility":"","ast-main-header-display":"","ast-hfb-above-header-display":"","ast-hfb-below-header-display":"","ast-hfb-mobile-header-display":"","site-post-title":"disabled","ast-breadcrumbs-content":"","ast-featured-img":"disabled","footer-sml-layout":"","theme-transparent-header-meta":"","adv-header-id-meta":"","stick-header-meta":"","header-above-stick-meta":"","header-main-stick-meta":"","header-below-stick-meta":"","astra-migrate-meta-layouts":"set","ast-page-background-enabled":"default","ast-page-background-meta":{"desktop":{"background-color":"","background-image":"","background-repeat":"repeat","background-position":"center center","background-size":"auto","background-attachment":"scroll","background-type":"","background-media":"","overlay-type":"","overlay-color":"","overlay-opacity":"","overlay-gradient":""},"tablet":{"background-color":"","background-image":"","background-repeat":"repeat","background-position":"center center","background-size":"auto","background-attachment":"scroll","background-type":"","background-media":"","overlay-type":"","overlay-color":"","overlay-opacity":"","overlay-gradient":""},"mobile":{"background-color":"","background-image":"","background-repeat":"repeat","background-position":"center center","background-size":"auto","background-attachment":"scroll","background-type":"","background-media":"","overlay-type":"","overlay-color":"","overlay-opacity":"","overlay-gradient":""}},"ast-content-background-meta":{"desktop":{"background-color":"var(--ast-global-color-5)","background-image":"","background-repeat":"repeat","background-position":"center center","background-size":"auto","background-attachment":"scroll","background-type":"","background-media":"","overlay-type":"","overlay-color":"","overlay-opacity":"","overlay-gradient":""},"tablet":{"background-color":"var(--ast-global-color-5)","background-image":"","background-repeat":"repeat","background-position":"center center","background-size":"auto","background-attachment":"scroll","background-type":"","background-media":"","overlay-type":"","overlay-color":"","overlay-opacity":"","overlay-gradient":""},"mobile":{"background-color":"var(--ast-global-color-5)","background-image":"","background-repeat":"repeat","background-position":"center center","background-size":"auto","background-attachment":"scroll","background-type":"","background-media":"","overlay-type":"","overlay-color":"","overlay-opacity":"","overlay-gradient":""}},"footnotes":""},"class_list":["post-6890","page","type-page","status-publish","hentry"],"yoast_head":"<!-- This site is optimized with the Yoast SEO plugin v27.4 - https:\/\/yoast.com\/product\/yoast-seo-wordpress\/ -->\n<title>Privacy Policy | Brandizam<\/title>\n<meta name=\"description\" content=\"Privacy policy for Brandizam. Learn how we collect, use and protect your personal data.\" \/>\n<meta name=\"robots\" content=\"index, follow, max-snippet:-1, max-image-preview:large, max-video-preview:-1\" \/>\n<link rel=\"canonical\" href=\"https:\/\/brandizam.com\/en\/privacy-policy\/\" \/>\n<meta property=\"og:locale\" content=\"en_GB\" \/>\n<meta property=\"og:type\" content=\"article\" \/>\n<meta property=\"og:title\" content=\"Privacy Policy | Brandizam\" \/>\n<meta property=\"og:description\" content=\"Privacy policy for Brandizam. Learn how we collect, use and protect your personal data.\" \/>\n<meta property=\"og:url\" content=\"https:\/\/brandizam.com\/en\/privacy-policy\/\" \/>\n<meta property=\"og:site_name\" content=\"Brandizam\" \/>\n<meta property=\"article:modified_time\" content=\"2026-04-26T12:55:27+00:00\" \/>\n<meta name=\"twitter:card\" content=\"summary_large_image\" \/>\n<meta name=\"twitter:label1\" content=\"Estimated reading time\" \/>\n\t<meta name=\"twitter:data1\" content=\"3 minutes\" \/>\n<script type=\"application\/ld+json\" class=\"yoast-schema-graph\">{\"@context\":\"https:\\\/\\\/schema.org\",\"@graph\":[{\"@type\":\"WebPage\",\"@id\":\"https:\\\/\\\/brandizam.com\\\/privacy-policy\\\/\",\"url\":\"https:\\\/\\\/brandizam.com\\\/privacy-policy\\\/\",\"name\":\"Privacy Policy | Brandizam\",\"isPartOf\":{\"@id\":\"https:\\\/\\\/brandizam.com\\\/#website\"},\"datePublished\":\"2024-04-03T17:31:47+00:00\",\"dateModified\":\"2026-04-26T12:55:27+00:00\",\"description\":\"Privacy policy for Brandizam. Learn how we collect, use and protect your personal data.\",\"breadcrumb\":{\"@id\":\"https:\\\/\\\/brandizam.com\\\/privacy-policy\\\/#breadcrumb\"},\"inLanguage\":\"en-GB\",\"potentialAction\":[{\"@type\":\"ReadAction\",\"target\":[\"https:\\\/\\\/brandizam.com\\\/privacy-policy\\\/\"]}]},{\"@type\":\"BreadcrumbList\",\"@id\":\"https:\\\/\\\/brandizam.com\\\/privacy-policy\\\/#breadcrumb\",\"itemListElement\":[{\"@type\":\"ListItem\",\"position\":1,\"name\":\"Home\",\"item\":\"https:\\\/\\\/brandizam.com\\\/\"},{\"@type\":\"ListItem\",\"position\":2,\"name\":\"Polityka Prywatno\u015bci\"}]},{\"@type\":\"WebSite\",\"@id\":\"https:\\\/\\\/brandizam.com\\\/#website\",\"url\":\"https:\\\/\\\/brandizam.com\\\/\",\"name\":\"Brandboost\",\"description\":\"Marketing &amp; branding that helps your business grow.\",\"publisher\":{\"@id\":\"https:\\\/\\\/brandizam.com\\\/#organization\"},\"potentialAction\":[{\"@type\":\"SearchAction\",\"target\":{\"@type\":\"EntryPoint\",\"urlTemplate\":\"https:\\\/\\\/brandizam.com\\\/?s={search_term_string}\"},\"query-input\":{\"@type\":\"PropertyValueSpecification\",\"valueRequired\":true,\"valueName\":\"search_term_string\"}}],\"inLanguage\":\"en-GB\"},{\"@type\":\"Organization\",\"@id\":\"https:\\\/\\\/brandizam.com\\\/#organization\",\"name\":\"Brandboost\",\"url\":\"https:\\\/\\\/brandizam.com\\\/\",\"logo\":{\"@type\":\"ImageObject\",\"inLanguage\":\"en-GB\",\"@id\":\"https:\\\/\\\/brandizam.com\\\/#\\\/schema\\\/logo\\\/image\\\/\",\"url\":\"https:\\\/\\\/brandizam.com\\\/wp-content\\\/uploads\\\/2026\\\/04\\\/brandboost-logo-web-3.png\",\"contentUrl\":\"https:\\\/\\\/brandizam.com\\\/wp-content\\\/uploads\\\/2026\\\/04\\\/brandboost-logo-web-3.png\",\"width\":142,\"height\":142,\"caption\":\"Brandboost\"},\"image\":{\"@id\":\"https:\\\/\\\/brandizam.com\\\/#\\\/schema\\\/logo\\\/image\\\/\"}}]}<\/script>\n<!-- \/ Yoast SEO plugin. -->","yoast_head_json":{"title":"Privacy Policy | Brandizam","description":"Privacy policy for Brandizam. Learn how we collect, use and protect your personal data.","robots":{"index":"index","follow":"follow","max-snippet":"max-snippet:-1","max-image-preview":"max-image-preview:large","max-video-preview":"max-video-preview:-1"},"canonical":"https:\/\/brandizam.com\/en\/privacy-policy\/","og_locale":"en_GB","og_type":"article","og_title":"Privacy Policy | Brandizam","og_description":"Privacy policy for Brandizam. Learn how we collect, use and protect your personal data.","og_url":"https:\/\/brandizam.com\/en\/privacy-policy\/","og_site_name":"Brandizam","article_modified_time":"2026-04-26T12:55:27+00:00","twitter_card":"summary_large_image","twitter_misc":{"Estimated reading time":"3 minutes"},"schema":{"@context":"https:\/\/schema.org","@graph":[{"@type":"WebPage","@id":"https:\/\/brandizam.com\/privacy-policy\/","url":"https:\/\/brandizam.com\/privacy-policy\/","name":"Privacy Policy | Brandizam","isPartOf":{"@id":"https:\/\/brandizam.com\/#website"},"datePublished":"2024-04-03T17:31:47+00:00","dateModified":"2026-04-26T12:55:27+00:00","description":"Privacy policy for Brandizam. Learn how we collect, use and protect your personal data.","breadcrumb":{"@id":"https:\/\/brandizam.com\/privacy-policy\/#breadcrumb"},"inLanguage":"en-GB","potentialAction":[{"@type":"ReadAction","target":["https:\/\/brandizam.com\/privacy-policy\/"]}]},{"@type":"BreadcrumbList","@id":"https:\/\/brandizam.com\/privacy-policy\/#breadcrumb","itemListElement":[{"@type":"ListItem","position":1,"name":"Home","item":"https:\/\/brandizam.com\/"},{"@type":"ListItem","position":2,"name":"Polityka Prywatno\u015bci"}]},{"@type":"WebSite","@id":"https:\/\/brandizam.com\/#website","url":"https:\/\/brandizam.com\/","name":"Brandboost","description":"Marketing &amp; branding that helps your business grow.","publisher":{"@id":"https:\/\/brandizam.com\/#organization"},"potentialAction":[{"@type":"SearchAction","target":{"@type":"EntryPoint","urlTemplate":"https:\/\/brandizam.com\/?s={search_term_string}"},"query-input":{"@type":"PropertyValueSpecification","valueRequired":true,"valueName":"search_term_string"}}],"inLanguage":"en-GB"},{"@type":"Organization","@id":"https:\/\/brandizam.com\/#organization","name":"Brandboost","url":"https:\/\/brandizam.com\/","logo":{"@type":"ImageObject","inLanguage":"en-GB","@id":"https:\/\/brandizam.com\/#\/schema\/logo\/image\/","url":"https:\/\/brandizam.com\/wp-content\/uploads\/2026\/04\/brandboost-logo-web-3.png","contentUrl":"https:\/\/brandizam.com\/wp-content\/uploads\/2026\/04\/brandboost-logo-web-3.png","width":142,"height":142,"caption":"Brandboost"},"image":{"@id":"https:\/\/brandizam.com\/#\/schema\/logo\/image\/"}}]}},"_links":{"self":[{"href":"https:\/\/brandizam.com\/en\/wp-json\/wp\/v2\/pages\/6890","targetHints":{"allow":["GET"]}}],"collection":[{"href":"https:\/\/brandizam.com\/en\/wp-json\/wp\/v2\/pages"}],"about":[{"href":"https:\/\/brandizam.com\/en\/wp-json\/wp\/v2\/types\/page"}],"author":[{"embeddable":true,"href":"https:\/\/brandizam.com\/en\/wp-json\/wp\/v2\/users\/1"}],"replies":[{"embeddable":true,"href":"https:\/\/brandizam.com\/en\/wp-json\/wp\/v2\/comments?post=6890"}],"version-history":[{"count":75,"href":"https:\/\/brandizam.com\/en\/wp-json\/wp\/v2\/pages\/6890\/revisions"}],"predecessor-version":[{"id":8771,"href":"https:\/\/brandizam.com\/en\/wp-json\/wp\/v2\/pages\/6890\/revisions\/8771"}],"wp:attachment":[{"href":"https:\/\/brandizam.com\/en\/wp-json\/wp\/v2\/media?parent=6890"}],"curies":[{"name":"wp","href":"https:\/\/api.w.org\/{rel}","templated":true}]}}