{"id":6938,"date":"2024-04-03T19:59:10","date_gmt":"2024-04-03T17:59:10","guid":{"rendered":"https:\/\/brandizam.com\/?page_id=6938"},"modified":"2026-04-17T16:43:31","modified_gmt":"2026-04-17T15:43:31","slug":"terms-and-conditions","status":"publish","type":"page","link":"https:\/\/brandizam.com\/en\/terms-and-conditions\/","title":{"rendered":"Terms &amp; Conditions"},"content":{"rendered":"<div data-elementor-type=\"wp-page\" data-elementor-id=\"6938\" class=\"elementor elementor-6938\" data-elementor-settings=\"{&quot;ha_cmc_init_switcher&quot;:&quot;no&quot;}\">\n\t\t\t\t<div class=\"elementor-element elementor-element-3ddef92 e-flex e-con-boxed e-con e-parent\" data-id=\"3ddef92\" data-element_type=\"container\" data-e-type=\"container\" data-settings=\"{&quot;_ha_eqh_enable&quot;:false}\">\n\t\t\t\t\t<div class=\"e-con-inner\">\n\t\t\t\t<div class=\"elementor-element elementor-element-b6aaf86 elementor-widget elementor-widget-heading\" data-id=\"b6aaf86\" data-element_type=\"widget\" data-e-type=\"widget\" data-settings=\"{&quot;_animation_mobile&quot;:&quot;fadeIn&quot;}\" data-widget_type=\"heading.default\">\n\t\t\t\t<div class=\"elementor-widget-container\">\n\t\t\t\t\t<h2 class=\"elementor-heading-title elementor-size-default\">Regulamin Serwisu Internetowego Brandizam.<\/h2>\t\t\t\t<\/div>\n\t\t\t\t<\/div>\n\t\t\t\t<div class=\"elementor-element elementor-element-9424726 elementor-widget elementor-widget-text-editor\" data-id=\"9424726\" data-element_type=\"widget\" data-e-type=\"widget\" data-settings=\"{&quot;_animation_mobile&quot;:&quot;fadeIn&quot;}\" data-widget_type=\"text-editor.default\">\n\t\t\t\t<div class=\"elementor-widget-container\">\n\t\t\t\t\t\t\t\t\t<p><strong>1. General Provisions<\/strong><br>1.1. Serwis internetowy Brandizam, dost\u0119pny pod adresem www.brandizam.com, dalej zwany \u201eSerwisem\u201d, prowadzony jest przez Brandizam, dalej zwany \u201eDostawc\u0105\u201d.<\/p>\n<p>1.2. These Terms and Conditions set out the rules for using the Website, as well as the rights and obligations of Users and the Provider.<\/p>\n<p>1.3. Use of the Website constitutes acceptance of these Terms and Conditions.<\/p>\n<p><strong>2. Services Offered on the Website<\/strong><br>2.1. The Website provides Users with access to a range of services and content related to digital marketing.<\/p>\n<p>2.2. The detailed scope and terms of the services are set out in the service descriptions available on the Website.<\/p>\n<p><strong>3. Terms of Use<\/strong><br>3.1. Users must use the Website in a lawful manner, in accordance with accepted standards of conduct, these Terms and Conditions, and in a way that does not infringe the rights of third parties.<\/p>\n<p>3.2. Users are required to provide true, accurate and complete information during registration and when using the services available on the Website.<\/p>\n<p><strong>4. Prawa i Obowi\u0105zki Dostawcy<\/strong><br>4.1. Dostawca zobowi\u0105zuje si\u0119 do ci\u0105g\u0142ego i nieprzerwanego \u015bwiadczenia us\u0142ug Serwisu zgodnie z jego specyfik\u0105.<\/p>\n<p>4.2. The Provider reserves the right to temporarily suspend access to the Website where necessary to carry out maintenance, inspections or system upgrades.<\/p>\n<p><strong>5. Personal Data Protection<\/strong><br>5.1. Users\u2019 personal data is processed in accordance with the Privacy Policy, which forms an integral part of these Terms and Conditions.<\/p>\n<p><strong>6. Postanowienia Ko\u0144cowe<\/strong><br>6.1. Wszelkie spory wynikaj\u0105ce z korzystania z Serwisu b\u0119d\u0105 rozstrzygane przez w\u0142a\u015bciwe s\u0105dy lokalne zgodnie z prawem obowi\u0105zuj\u0105cym w siedzibie Dostawcy.<\/p>\n<p>6.2. The Provider reserves the right to amend these Terms and Conditions at any time. Any changes shall take effect upon their publication on the Website.<\/p>\n<p>6.3. These Terms and Conditions come into effect on 1 March 2024.<\/p>\t\t\t\t\t\t\t\t<\/div>\n\t\t\t\t<\/div>\n\t\t\t\t\t<\/div>\n\t\t\t\t<\/div>\n\t\t\t\t<\/div>","protected":false},"excerpt":{"rendered":"<p>Regulamin Serwisu Internetowego Brandizam. 1. Postanowienia Og\u00f3lne1.1. Serwis internetowy Brandizam, dost\u0119pny pod adresem www.brandizam.com, dalej zwany \u201eSerwisem\u201d, prowadzony jest przez Brandizam, dalej zwany \u201eDostawc\u0105\u201d. 1.2. Regulamin okre\u015bla zasady korzystania z Serwisu, prawa i obowi\u0105zki U\u017cytkownik\u00f3w oraz Dostawcy. 1.3. Korzystanie z Serwisu jest r\u00f3wnoznaczne z akceptacj\u0105 postanowie\u0144 niniejszego Regulaminu. 2. Us\u0142ugi Oferowane w Serwisie2.1. Serwis umo\u017cliwia [&hellip;]<\/p>\n","protected":false},"author":1,"featured_media":0,"parent":0,"menu_order":0,"comment_status":"closed","ping_status":"closed","template":"","meta":{"site-sidebar-layout":"no-sidebar","site-content-layout":"page-builder","ast-site-content-layout":"","site-content-style":"default","site-sidebar-style":"default","ast-global-header-display":"","ast-banner-title-visibility":"","ast-main-header-display":"","ast-hfb-above-header-display":"","ast-hfb-below-header-display":"","ast-hfb-mobile-header-display":"","site-post-title":"disabled","ast-breadcrumbs-content":"","ast-featured-img":"disabled","footer-sml-layout":"","theme-transparent-header-meta":"","adv-header-id-meta":"","stick-header-meta":"","header-above-stick-meta":"","header-main-stick-meta":"","header-below-stick-meta":"","astra-migrate-meta-layouts":"default","ast-page-background-enabled":"default","ast-page-background-meta":{"desktop":{"background-color":"","background-image":"","background-repeat":"repeat","background-position":"center center","background-size":"auto","background-attachment":"scroll","background-type":"","background-media":"","overlay-type":"","overlay-color":"","overlay-opacity":"","overlay-gradient":""},"tablet":{"background-color":"","background-image":"","background-repeat":"repeat","background-position":"center center","background-size":"auto","background-attachment":"scroll","background-type":"","background-media":"","overlay-type":"","overlay-color":"","overlay-opacity":"","overlay-gradient":""},"mobile":{"background-color":"","background-image":"","background-repeat":"repeat","background-position":"center center","background-size":"auto","background-attachment":"scroll","background-type":"","background-media":"","overlay-type":"","overlay-color":"","overlay-opacity":"","overlay-gradient":""}},"ast-content-background-meta":{"desktop":{"background-color":"var(--ast-global-color-5)","background-image":"","background-repeat":"repeat","background-position":"center center","background-size":"auto","background-attachment":"scroll","background-type":"","background-media":"","overlay-type":"","overlay-color":"","overlay-opacity":"","overlay-gradient":""},"tablet":{"background-color":"var(--ast-global-color-5)","background-image":"","background-repeat":"repeat","background-position":"center center","background-size":"auto","background-attachment":"scroll","background-type":"","background-media":"","overlay-type":"","overlay-color":"","overlay-opacity":"","overlay-gradient":""},"mobile":{"background-color":"var(--ast-global-color-5)","background-image":"","background-repeat":"repeat","background-position":"center center","background-size":"auto","background-attachment":"scroll","background-type":"","background-media":"","overlay-type":"","overlay-color":"","overlay-opacity":"","overlay-gradient":""}},"footnotes":""},"class_list":["post-6938","page","type-page","status-publish","hentry"],"yoast_head":"<!-- This site is optimized with the Yoast SEO plugin v27.4 - https:\/\/yoast.com\/product\/yoast-seo-wordpress\/ -->\n<title>Terms &amp; Conditions | Brandizam<\/title>\n<meta name=\"description\" content=\"Terms and conditions for Brandizam. Learn how our website and services can be used.\" \/>\n<meta name=\"robots\" content=\"index, follow, max-snippet:-1, max-image-preview:large, max-video-preview:-1\" \/>\n<link rel=\"canonical\" href=\"https:\/\/brandizam.com\/en\/terms-and-conditions\/\" \/>\n<meta property=\"og:locale\" content=\"en_GB\" \/>\n<meta property=\"og:type\" content=\"article\" \/>\n<meta property=\"og:title\" content=\"Terms &amp; Conditions | Brandizam\" \/>\n<meta property=\"og:description\" content=\"Terms and conditions for Brandizam. Learn how our website and services can be used.\" \/>\n<meta property=\"og:url\" content=\"https:\/\/brandizam.com\/en\/terms-and-conditions\/\" \/>\n<meta property=\"og:site_name\" content=\"Brandizam\" \/>\n<meta property=\"article:modified_time\" content=\"2026-04-17T15:43:31+00:00\" \/>\n<meta name=\"twitter:card\" content=\"summary_large_image\" \/>\n<meta name=\"twitter:label1\" content=\"Estimated reading time\" \/>\n\t<meta name=\"twitter:data1\" content=\"2 minutes\" \/>\n<script type=\"application\/ld+json\" class=\"yoast-schema-graph\">{\"@context\":\"https:\\\/\\\/schema.org\",\"@graph\":[{\"@type\":\"WebPage\",\"@id\":\"https:\\\/\\\/brandizam.com\\\/pl\\\/terms-and-conditions\\\/\",\"url\":\"https:\\\/\\\/brandizam.com\\\/pl\\\/terms-and-conditions\\\/\",\"name\":\"Terms & Conditions | Brandizam\",\"isPartOf\":{\"@id\":\"https:\\\/\\\/brandizam.com\\\/#website\"},\"datePublished\":\"2024-04-03T17:59:10+00:00\",\"dateModified\":\"2026-04-17T15:43:31+00:00\",\"description\":\"Terms and conditions for Brandizam. Learn how our website and services can be used.\",\"breadcrumb\":{\"@id\":\"https:\\\/\\\/brandizam.com\\\/pl\\\/terms-and-conditions\\\/#breadcrumb\"},\"inLanguage\":\"en-GB\",\"potentialAction\":[{\"@type\":\"ReadAction\",\"target\":[\"https:\\\/\\\/brandizam.com\\\/pl\\\/terms-and-conditions\\\/\"]}]},{\"@type\":\"BreadcrumbList\",\"@id\":\"https:\\\/\\\/brandizam.com\\\/pl\\\/terms-and-conditions\\\/#breadcrumb\",\"itemListElement\":[{\"@type\":\"ListItem\",\"position\":1,\"name\":\"Home\",\"item\":\"https:\\\/\\\/brandizam.com\\\/\"},{\"@type\":\"ListItem\",\"position\":2,\"name\":\"Regulamin\"}]},{\"@type\":\"WebSite\",\"@id\":\"https:\\\/\\\/brandizam.com\\\/#website\",\"url\":\"https:\\\/\\\/brandizam.com\\\/\",\"name\":\"Brandboost\",\"description\":\"Marketing &amp; branding that helps your business grow.\",\"publisher\":{\"@id\":\"https:\\\/\\\/brandizam.com\\\/#organization\"},\"potentialAction\":[{\"@type\":\"SearchAction\",\"target\":{\"@type\":\"EntryPoint\",\"urlTemplate\":\"https:\\\/\\\/brandizam.com\\\/?s={search_term_string}\"},\"query-input\":{\"@type\":\"PropertyValueSpecification\",\"valueRequired\":true,\"valueName\":\"search_term_string\"}}],\"inLanguage\":\"en-GB\"},{\"@type\":\"Organization\",\"@id\":\"https:\\\/\\\/brandizam.com\\\/#organization\",\"name\":\"Brandboost\",\"url\":\"https:\\\/\\\/brandizam.com\\\/\",\"logo\":{\"@type\":\"ImageObject\",\"inLanguage\":\"en-GB\",\"@id\":\"https:\\\/\\\/brandizam.com\\\/#\\\/schema\\\/logo\\\/image\\\/\",\"url\":\"https:\\\/\\\/brandizam.com\\\/wp-content\\\/uploads\\\/2026\\\/04\\\/brandboost-logo-web-3.png\",\"contentUrl\":\"https:\\\/\\\/brandizam.com\\\/wp-content\\\/uploads\\\/2026\\\/04\\\/brandboost-logo-web-3.png\",\"width\":142,\"height\":142,\"caption\":\"Brandboost\"},\"image\":{\"@id\":\"https:\\\/\\\/brandizam.com\\\/#\\\/schema\\\/logo\\\/image\\\/\"}}]}<\/script>\n<!-- \/ Yoast SEO plugin. -->","yoast_head_json":{"title":"Terms & Conditions | Brandizam","description":"Terms and conditions for Brandizam. Learn how our website and services can be used.","robots":{"index":"index","follow":"follow","max-snippet":"max-snippet:-1","max-image-preview":"max-image-preview:large","max-video-preview":"max-video-preview:-1"},"canonical":"https:\/\/brandizam.com\/en\/terms-and-conditions\/","og_locale":"en_GB","og_type":"article","og_title":"Terms & Conditions | Brandizam","og_description":"Terms and conditions for Brandizam. Learn how our website and services can be used.","og_url":"https:\/\/brandizam.com\/en\/terms-and-conditions\/","og_site_name":"Brandizam","article_modified_time":"2026-04-17T15:43:31+00:00","twitter_card":"summary_large_image","twitter_misc":{"Estimated reading time":"2 minutes"},"schema":{"@context":"https:\/\/schema.org","@graph":[{"@type":"WebPage","@id":"https:\/\/brandizam.com\/pl\/terms-and-conditions\/","url":"https:\/\/brandizam.com\/pl\/terms-and-conditions\/","name":"Terms & Conditions | Brandizam","isPartOf":{"@id":"https:\/\/brandizam.com\/#website"},"datePublished":"2024-04-03T17:59:10+00:00","dateModified":"2026-04-17T15:43:31+00:00","description":"Terms and conditions for Brandizam. Learn how our website and services can be used.","breadcrumb":{"@id":"https:\/\/brandizam.com\/pl\/terms-and-conditions\/#breadcrumb"},"inLanguage":"en-GB","potentialAction":[{"@type":"ReadAction","target":["https:\/\/brandizam.com\/pl\/terms-and-conditions\/"]}]},{"@type":"BreadcrumbList","@id":"https:\/\/brandizam.com\/pl\/terms-and-conditions\/#breadcrumb","itemListElement":[{"@type":"ListItem","position":1,"name":"Home","item":"https:\/\/brandizam.com\/"},{"@type":"ListItem","position":2,"name":"Regulamin"}]},{"@type":"WebSite","@id":"https:\/\/brandizam.com\/#website","url":"https:\/\/brandizam.com\/","name":"Brandboost","description":"Marketing &amp; branding that helps your business grow.","publisher":{"@id":"https:\/\/brandizam.com\/#organization"},"potentialAction":[{"@type":"SearchAction","target":{"@type":"EntryPoint","urlTemplate":"https:\/\/brandizam.com\/?s={search_term_string}"},"query-input":{"@type":"PropertyValueSpecification","valueRequired":true,"valueName":"search_term_string"}}],"inLanguage":"en-GB"},{"@type":"Organization","@id":"https:\/\/brandizam.com\/#organization","name":"Brandboost","url":"https:\/\/brandizam.com\/","logo":{"@type":"ImageObject","inLanguage":"en-GB","@id":"https:\/\/brandizam.com\/#\/schema\/logo\/image\/","url":"https:\/\/brandizam.com\/wp-content\/uploads\/2026\/04\/brandboost-logo-web-3.png","contentUrl":"https:\/\/brandizam.com\/wp-content\/uploads\/2026\/04\/brandboost-logo-web-3.png","width":142,"height":142,"caption":"Brandboost"},"image":{"@id":"https:\/\/brandizam.com\/#\/schema\/logo\/image\/"}}]}},"_links":{"self":[{"href":"https:\/\/brandizam.com\/en\/wp-json\/wp\/v2\/pages\/6938","targetHints":{"allow":["GET"]}}],"collection":[{"href":"https:\/\/brandizam.com\/en\/wp-json\/wp\/v2\/pages"}],"about":[{"href":"https:\/\/brandizam.com\/en\/wp-json\/wp\/v2\/types\/page"}],"author":[{"embeddable":true,"href":"https:\/\/brandizam.com\/en\/wp-json\/wp\/v2\/users\/1"}],"replies":[{"embeddable":true,"href":"https:\/\/brandizam.com\/en\/wp-json\/wp\/v2\/comments?post=6938"}],"version-history":[{"count":34,"href":"https:\/\/brandizam.com\/en\/wp-json\/wp\/v2\/pages\/6938\/revisions"}],"predecessor-version":[{"id":8680,"href":"https:\/\/brandizam.com\/en\/wp-json\/wp\/v2\/pages\/6938\/revisions\/8680"}],"wp:attachment":[{"href":"https:\/\/brandizam.com\/en\/wp-json\/wp\/v2\/media?parent=6938"}],"curies":[{"name":"wp","href":"https:\/\/api.w.org\/{rel}","templated":true}]}}